{"id":21550,"date":"2025-09-10T15:00:39","date_gmt":"2025-09-10T13:00:39","guid":{"rendered":"https:\/\/www.iselection.com\/b2c\/?page_id=21550"},"modified":"2025-11-05T12:02:16","modified_gmt":"2025-11-05T11:02:16","slug":"qui-sommes-nous","status":"publish","type":"page","link":"https:\/\/www.iselection.com\/b2c\/qui-sommes-nous\/","title":{"rendered":"Qui sommes-nous ?"},"content":{"rendered":"\n<section class=\" block block-text\" id=\"block--1\">\n  <div class=\"text-body\">\n    <p>Depuis 1996, iSelection accompagne les particuliers dans leurs projets immobiliers \u00e0 forte valeur patrimoniale. Sp\u00e9cialiste reconnu de l\u2019immobilier neuf, nous proposons une s\u00e9lection rigoureuse de biens destin\u00e9s \u00e0 l\u2019investissement locatif, \u00e0 l&rsquo;acquisition d&rsquo;une r\u00e9sidence principale, \u00e0 la constitution de patrimoine, ou \u00e0 la pr\u00e9paration de la retraite.<\/p>\n<p>Notre engagement\u202f: offrir \u00e0 nos clients et partenaires une approche claire, experte et s\u00e9curis\u00e9e. Dans un contexte en constante \u00e9volution, nous restons anim\u00e9s par une conviction forte : <strong>l\u2019immobilier reste un levier puissant pour pr\u00e9parer sereinement l\u2019avenir.<\/strong><\/p>\n  <\/div>\n<\/section>\n\n\n\n<section class=\"block block-text-image variant-1_default left\" id=\"block--2\">\n  <div class=\"text-image-body\">\n    <div class=\"content stretched mobile_top\">\n  <div class=\"\" style=\"\" data-src=\"#\">\n    <img class=\"\" src=\"https:\/\/www.iselection.com\/wp-content\/images\/text-image\/27031-5_1_iselection_img_01_1_5x.jpg\" loading=\"lazy\" decoding=\"async\" width=\"1024\" height=\" 953\" role=\"presentation\" style=\"\"\/>  <\/div>\n  <div>\n    <div>\n      <h3><strong>Notre histoire<\/strong> et nos valeurs<\/h3>\n<p>Depuis 30 ans, acteur reconnu par les grands op\u00e9rateurs du march\u00e9 immobilier, iSelection propose \u00e0 ses clients et partenaires son expertise dans la s\u00e9lection de programmes immobiliers sur l&rsquo;ensemble du territoire fran\u00e7ais.<\/p>\n<p>Elle s&rsquo;appuie sur des \u00e9quipes qualifi\u00e9es ma\u00eetrisant les aspects commerciaux, juridiques et fiscaux d&rsquo;un m\u00e9tier exigeant et rigoureux.<\/p>\n\n              <div class=\"mt-800\">\n          <a href=\"https:\/\/www.iselection.com\/b2c\/notre-metiers-et-nos-valeurs\/\" class=\"cta bleu-is-light\" target=\"\"><span>En savoir plus<\/span><\/a>\n        <\/div>\n          <\/div>\n  <\/div>\n<\/div>  <\/div>\n<\/section>\n\n\n<section class=\" block block-reassurance\" id=\"block--3\">\n  <h2 class=\"text-center\"><strong>Chiffres cl\u00e9s<\/strong> &amp; preuves de performance<\/h2>\n  <div class=\"chiffres-cles-wrapper\">\n          <div class=\"chiffre-cles-item\">\n                  <div class=\"picture\">\n            <img src=\"https:\/\/www.iselection.com\/wp-content\/uploads\/2025\/08\/picto_chiffre_clef1.svg\" loading=\"lazy\" decoding=\"async\" width=\"80\" height=\"81\" role=\"presentation\" \/>\n          <\/div>\n                <span class=\"number\">30 ans<\/span>\n        <div class=\"label\"><p>d&rsquo;expertise en immobilier<\/p>\n<\/div>\n      <\/div>\n          <div class=\"chiffre-cles-item\">\n                  <div class=\"picture\">\n            <img src=\"https:\/\/www.iselection.com\/wp-content\/uploads\/2025\/08\/buildings-1.svg\" loading=\"lazy\" decoding=\"async\" width=\"80\" height=\"81\" role=\"presentation\" \/>\n          <\/div>\n                <span class=\"number\">75 100<\/span>\n        <div class=\"label\"><p>logements commercialis\u00e9s depuis 1996<\/p>\n<\/div>\n      <\/div>\n          <div class=\"chiffre-cles-item\">\n                  <div class=\"picture\">\n            <img src=\"https:\/\/www.iselection.com\/wp-content\/uploads\/2025\/08\/keys-1.svg\" loading=\"lazy\" decoding=\"async\" width=\"80\" height=\"81\" role=\"presentation\" \/>\n          <\/div>\n                <span class=\"number\">63 000<\/span>\n        <div class=\"label\"><p>clients accompagn\u00e9s<\/p>\n<\/div>\n      <\/div>\n          <div class=\"chiffre-cles-item\">\n                  <div class=\"picture\">\n            <img src=\"https:\/\/www.iselection.com\/wp-content\/uploads\/2025\/08\/like.svg\" loading=\"lazy\" decoding=\"async\" width=\"70\" height=\"71\" role=\"presentation\" \/>\n          <\/div>\n                <span class=\"number\">93.5%<\/span>\n        <div class=\"label\"><p>de clients satisfaits*<\/p>\n<\/div>\n      <\/div>\n      <\/div>\n  <div class=\"mention\"><p>(*Etude men\u00e9e sur nos clients act\u00e9s depuis mai 2023)<\/p>\n<\/div>\n<\/section>\n\n\n\n<section class=\" block block-button\" id=\"block--4\">\n  <div class='button-body normal'>\n          <a class=\"cta bleu-is-light\" href=\"https:\/\/www.iselection.com\/b2c\/chiffres-cles-de-lentreprise\/\" target=\"\">\n        <span>\n          Plus d\u2019informations                  <\/span>\n      <\/a>\n      <\/div>\n<\/section>\n\n\n\n<section class=\"block block-text-image variant-1_default right\" id=\"block--5\">\n  <div class=\"text-image-body\">\n    <div class=\"content auto mobile_top\">\n  <div class=\"\" style=\" margin: auto 0;\" data-src=\"#\">\n    <img class=\"\" src=\"https:\/\/www.iselection.com\/wp-content\/images\/text-image\/27033-5_1_iselection_img_03_1_5x.jpg\" loading=\"lazy\" decoding=\"async\" width=\"1024\" height=\" 953\" role=\"presentation\" style=\"height: auto;\"\/>  <\/div>\n  <div>\n    <div>\n      <h3><strong>Politique<\/strong> RH<\/h3>\n<p>Chez iSelection, nous sommes convaincus que la performance de notre entreprise repose avant tout sur la qualit\u00e9 de nos \u00e9quipes.<br \/>\nC\u2019est pourquoi notre politique RH place <strong>l\u2019humain au c\u0153ur de sa strat\u00e9gie,<\/strong> avec une attention particuli\u00e8re port\u00e9e \u00e0 l\u2019\u00e9panouissement professionnel, \u00e0 la mont\u00e9e en comp\u00e9tences et \u00e0 la coh\u00e9sion d\u2019\u00e9quipe.<\/p>\n<p>Nous favorisons un <strong>environnement de travail collaboratif<\/strong> o\u00f9 chacun peut s\u2019exprimer, progresser et contribuer activement aux projets de l\u2019entreprise. Rejoindre iSelection, c\u2019est int\u00e9grer une entreprise \u00e0 taille humaine, engag\u00e9e pour le d\u00e9veloppement des talents, l\u2019\u00e9galit\u00e9 des chances, et l\u2019\u00e9quilibre entre vie professionnelle et personnelle.<\/p>\n\n              <div class=\"mt-800\">\n          <a href=\"https:\/\/www.iselection.com\/b2c\/politique-des-ressources-humaines\/\" class=\"cta bleu-is-light\" target=\"\"><span>D\u00e9couvrir nos engagements<\/span><\/a>\n        <\/div>\n          <\/div>\n  <\/div>\n<\/div>  <\/div>\n<\/section>\n\n\n<section class=\"block block-text-image variant-1_default left\" id=\"block--6\">\n  <div class=\"text-image-body\">\n    <div class=\"content auto mobile_top\">\n  <div class=\"\" style=\" margin: auto 0;\" data-src=\"#\">\n    <img class=\"\" src=\"https:\/\/www.iselection.com\/wp-content\/images\/text-image\/27032-5_1_iselection_img_02_1_5x.jpg\" loading=\"lazy\" decoding=\"async\" width=\"1024\" height=\" 953\" role=\"presentation\" style=\"height: auto;\"\/>  <\/div>\n  <div>\n    <div>\n      <h3><strong>Recrutement<\/strong><\/h3>\n<p>iSelection compte plus de 300 collaborateurs r\u00e9partis dans toute la France avec l\u2019ambition commune d&rsquo;offrir les meilleurs services \u00e0 ses partenaires et aux particuliers qui souhaitent investir dans l&rsquo;immobilier dans le but de d&rsquo;optimiser sa fiscalit\u00e9, de transmettre ou de cr\u00e9er un patrimoine.<\/p>\n<p>Afin de poursuivre notre d\u00e9veloppement, nous sommes \u00e0 la recherche de professionnels de l\u2019immobilier dans toute la France. Enthousiaste et dynamique, soucieux du respect de nos valeurs, <strong>rejoignez-nous !<\/strong><\/p>\n\n              <div class=\"mt-800\">\n          <a href=\"https:\/\/www.iselection.com\/b2c\/recrutement\/\" class=\"cta bleu-is-light\" target=\"\"><span>D\u00e9couvrir nos offres<\/span><\/a>\n        <\/div>\n          <\/div>\n  <\/div>\n<\/div>  <\/div>\n<\/section>\n\n\n<section class=\" block block-text\" id=\"block--7\">\n  <div class=\"text-body\">\n    <h2>Ils nous font <strong>confiance\u00a0<\/strong><\/h2>\n  <\/div>\n<\/section>\n\n\n\n<section class=\" block block-carousel-partners\" id=\"block--8\">\n  <div class=\"partners-block-wrapper\">\n                            <div class=\"partners-block-item\">\n            <img class=\"\" src=\"https:\/\/www.iselection.com\/wp-content\/images\/partenaire\/31788-partenaire_2042.webp\" loading=\"lazy\" decoding=\"async\" width=\"170\" height=\" 80\" role=\"presentation\" style=\"\"\/>          <\/div>\n                                <div class=\"partners-block-item\">\n            <img class=\"\" src=\"https:\/\/www.iselection.com\/wp-content\/images\/partenaire\/30830-partenaire_allianz.webp\" loading=\"lazy\" decoding=\"async\" width=\"170\" height=\" 80\" role=\"presentation\" style=\"\"\/>          <\/div>\n                                <div class=\"partners-block-item\">\n            <img class=\"\" src=\"https:\/\/www.iselection.com\/wp-content\/images\/partenaire\/31800-partenaire_bred.webp\" loading=\"lazy\" decoding=\"async\" width=\"170\" height=\" 80\" role=\"presentation\" style=\"\"\/>          <\/div>\n                                <div class=\"partners-block-item\">\n            <img class=\"\" src=\"https:\/\/www.iselection.com\/wp-content\/images\/partenaire\/31802-partenaire_banque-populaire.webp\" loading=\"lazy\" decoding=\"async\" width=\"170\" height=\" 80\" role=\"presentation\" style=\"\"\/>          <\/div>\n                                <div class=\"partners-block-item\">\n            <img class=\"\" src=\"https:\/\/www.iselection.com\/wp-content\/images\/partenaire\/31801-partanire_cafpi.webp\" loading=\"lazy\" decoding=\"async\" width=\"170\" height=\" 80\" role=\"presentation\" style=\"\"\/>          <\/div>\n                                <div class=\"partners-block-item\">\n            <img class=\"\" src=\"https:\/\/www.iselection.com\/wp-content\/images\/partenaire\/31791-partenaire_caisse-depargne.webp\" loading=\"lazy\" decoding=\"async\" width=\"170\" height=\" 80\" role=\"presentation\" style=\"\"\/>          <\/div>\n                                <div class=\"partners-block-item\">\n            <img class=\"\" src=\"https:\/\/www.iselection.com\/wp-content\/images\/partenaire\/31758-partenaire_crystal.webp\" loading=\"lazy\" decoding=\"async\" width=\"170\" height=\" 80\" role=\"presentation\" style=\"\"\/>          <\/div>\n                                <div class=\"partners-block-item\">\n            <img class=\"\" src=\"https:\/\/www.iselection.com\/wp-content\/images\/partenaire\/30833-partenaire_empruntis.webp\" loading=\"lazy\" decoding=\"async\" width=\"170\" height=\" 80\" role=\"presentation\" style=\"\"\/>          <\/div>\n                                <div class=\"partners-block-item\">\n            <img class=\"\" src=\"https:\/\/www.iselection.com\/wp-content\/images\/partenaire\/31755-partenaire_foncia_horizon.webp\" loading=\"lazy\" decoding=\"async\" width=\"170\" height=\" 80\" role=\"presentation\" style=\"\"\/>          <\/div>\n                                <div class=\"partners-block-item\">\n            <img class=\"\" src=\"https:\/\/www.iselection.com\/wp-content\/images\/partenaire\/30834-partenaire_meilleurtaux.webp\" loading=\"lazy\" decoding=\"async\" width=\"170\" height=\" 80\" role=\"presentation\" style=\"\"\/>          <\/div>\n                                <div class=\"partners-block-item\">\n            <img class=\"\" src=\"https:\/\/www.iselection.com\/wp-content\/images\/partenaire\/30835-partenaire_milleis.webp\" loading=\"lazy\" decoding=\"async\" width=\"170\" height=\" 80\" role=\"presentation\" style=\"\"\/>          <\/div>\n                                <div class=\"partners-block-item\">\n            <img class=\"\" src=\"https:\/\/www.iselection.com\/wp-content\/images\/partenaire\/31756-partenaire_sofiap.webp\" loading=\"lazy\" decoding=\"async\" width=\"170\" height=\" 80\" role=\"presentation\" style=\"\"\/>          <\/div>\n                                <div class=\"partners-block-item\">\n            <img class=\"\" src=\"https:\/\/www.iselection.com\/wp-content\/images\/partenaire\/31757-partenaire_sofraco.webp\" loading=\"lazy\" decoding=\"async\" width=\"170\" height=\" 80\" role=\"presentation\" style=\"\"\/>          <\/div>\n                                <div class=\"partners-block-item\">\n            <img class=\"\" src=\"https:\/\/www.iselection.com\/wp-content\/images\/partenaire\/21345-logo_studea.webp\" loading=\"lazy\" decoding=\"async\" width=\"170\" height=\" 80\" role=\"presentation\" style=\"\"\/>          <\/div>\n                    <\/div>\n<\/section>\n","protected":false},"excerpt":{"rendered":"<p>Depuis 1996, iSelection accompagne les particuliers dans leurs projets immobiliers \u00e0 forte valeur patrimoniale. Sp\u00e9cialiste reconnu de l\u2019immobilier neuf, nous proposons une s\u00e9lection rigoureuse de biens destin\u00e9s \u00e0 l\u2019investissement locatif, \u00e0&#8230;<\/p>\n","protected":false},"author":1,"featured_media":0,"parent":0,"menu_order":0,"comment_status":"closed","ping_status":"closed","template":"","meta":{"_acf_changed":false,"footnotes":""},"class_list":["post-21550","page","type-page","status-publish","hentry"],"acf":[],"yoast_head":"<!-- This site is optimized with the Yoast SEO Premium plugin v27.2 (Yoast SEO v27.2) - https:\/\/yoast.com\/product\/yoast-seo-premium-wordpress\/ -->\n<title>Qui sommes-nous ? | iSelection<\/title>\n<meta name=\"description\" content=\"Depuis 1996, iSelection accompagne les particuliers dans leurs projets immobiliers \u00e0 forte valeur patrimoniale. Sp\u00e9cialiste reconnu de l\u2019immobilier neuf, nous proposons une s\u00e9lection rigoureuse de biens destin\u00e9s \u00e0 l\u2019investissement locatif, \u00e0...\" \/>\n<meta name=\"robots\" content=\"index, follow, max-snippet:-1, max-image-preview:large, max-video-preview:-1\" \/>\n<link rel=\"canonical\" href=\"https:\/\/www.iselection.com\/b2c\/qui-sommes-nous\/\" \/>\n<meta property=\"og:locale\" content=\"fr_FR\" \/>\n<meta property=\"og:type\" content=\"article\" \/>\n<meta property=\"og:title\" content=\"Qui sommes-nous ?\" \/>\n<meta property=\"og:description\" content=\"Depuis 1996, iSelection accompagne les particuliers dans leurs projets immobiliers \u00e0 forte valeur patrimoniale. Sp\u00e9cialiste reconnu de l\u2019immobilier neuf, nous proposons une s\u00e9lection rigoureuse de biens destin\u00e9s \u00e0 l\u2019investissement locatif, \u00e0...\" \/>\n<meta property=\"og:url\" content=\"https:\/\/www.iselection.com\/b2c\/qui-sommes-nous\/\" \/>\n<meta property=\"og:site_name\" content=\"iSelection\" \/>\n<meta property=\"article:modified_time\" content=\"2025-11-05T11:02:16+00:00\" \/>\n<meta name=\"twitter:card\" content=\"summary_large_image\" \/>\n<script type=\"application\/ld+json\" class=\"yoast-schema-graph\">{\"@context\":\"https:\/\/schema.org\",\"@graph\":[{\"@type\":\"WebPage\",\"@id\":\"https:\/\/www.iselection.com\/b2c\/qui-sommes-nous\/\",\"url\":\"https:\/\/www.iselection.com\/b2c\/qui-sommes-nous\/\",\"name\":\"Qui sommes-nous ? | iSelection\",\"isPartOf\":{\"@id\":\"https:\/\/www.iselection.com\/b2c\/#website\"},\"datePublished\":\"2025-09-10T13:00:39+00:00\",\"dateModified\":\"2025-11-05T11:02:16+00:00\",\"description\":\"Depuis 1996, iSelection accompagne les particuliers dans leurs projets immobiliers \u00e0 forte valeur patrimoniale. Sp\u00e9cialiste reconnu de l\u2019immobilier neuf, nous proposons une s\u00e9lection rigoureuse de biens destin\u00e9s \u00e0 l\u2019investissement locatif, \u00e0...\",\"breadcrumb\":{\"@id\":\"https:\/\/www.iselection.com\/b2c\/qui-sommes-nous\/#breadcrumb\"},\"inLanguage\":\"fr-FR\",\"potentialAction\":[{\"@type\":\"ReadAction\",\"target\":[\"https:\/\/www.iselection.com\/b2c\/qui-sommes-nous\/\"]}]},{\"@type\":\"BreadcrumbList\",\"@id\":\"https:\/\/www.iselection.com\/b2c\/qui-sommes-nous\/#breadcrumb\",\"itemListElement\":[{\"@type\":\"ListItem\",\"position\":1,\"name\":\"Home\",\"item\":\"https:\/\/www.iselection.com\/b2c\/\"},{\"@type\":\"ListItem\",\"position\":2,\"name\":\"Qui sommes-nous ?\"}]},{\"@type\":\"WebSite\",\"@id\":\"https:\/\/www.iselection.com\/b2c\/#website\",\"url\":\"https:\/\/www.iselection.com\/b2c\/\",\"name\":\"iSelection\",\"description\":\"\",\"potentialAction\":[{\"@type\":\"SearchAction\",\"target\":{\"@type\":\"EntryPoint\",\"urlTemplate\":\"https:\/\/www.iselection.com\/b2c\/?s={search_term_string}\"},\"query-input\":{\"@type\":\"PropertyValueSpecification\",\"valueRequired\":true,\"valueName\":\"search_term_string\"}}],\"inLanguage\":\"fr-FR\"}]}<\/script>\n<!-- \/ Yoast SEO Premium plugin. -->","yoast_head_json":{"title":"Qui sommes-nous ? | iSelection","description":"Depuis 1996, iSelection accompagne les particuliers dans leurs projets immobiliers \u00e0 forte valeur patrimoniale. Sp\u00e9cialiste reconnu de l\u2019immobilier neuf, nous proposons une s\u00e9lection rigoureuse de biens destin\u00e9s \u00e0 l\u2019investissement locatif, \u00e0...","robots":{"index":"index","follow":"follow","max-snippet":"max-snippet:-1","max-image-preview":"max-image-preview:large","max-video-preview":"max-video-preview:-1"},"canonical":"https:\/\/www.iselection.com\/b2c\/qui-sommes-nous\/","og_locale":"fr_FR","og_type":"article","og_title":"Qui sommes-nous ?","og_description":"Depuis 1996, iSelection accompagne les particuliers dans leurs projets immobiliers \u00e0 forte valeur patrimoniale. Sp\u00e9cialiste reconnu de l\u2019immobilier neuf, nous proposons une s\u00e9lection rigoureuse de biens destin\u00e9s \u00e0 l\u2019investissement locatif, \u00e0...","og_url":"https:\/\/www.iselection.com\/b2c\/qui-sommes-nous\/","og_site_name":"iSelection","article_modified_time":"2025-11-05T11:02:16+00:00","twitter_card":"summary_large_image","schema":{"@context":"https:\/\/schema.org","@graph":[{"@type":"WebPage","@id":"https:\/\/www.iselection.com\/b2c\/qui-sommes-nous\/","url":"https:\/\/www.iselection.com\/b2c\/qui-sommes-nous\/","name":"Qui sommes-nous ? | iSelection","isPartOf":{"@id":"https:\/\/www.iselection.com\/b2c\/#website"},"datePublished":"2025-09-10T13:00:39+00:00","dateModified":"2025-11-05T11:02:16+00:00","description":"Depuis 1996, iSelection accompagne les particuliers dans leurs projets immobiliers \u00e0 forte valeur patrimoniale. Sp\u00e9cialiste reconnu de l\u2019immobilier neuf, nous proposons une s\u00e9lection rigoureuse de biens destin\u00e9s \u00e0 l\u2019investissement locatif, \u00e0...","breadcrumb":{"@id":"https:\/\/www.iselection.com\/b2c\/qui-sommes-nous\/#breadcrumb"},"inLanguage":"fr-FR","potentialAction":[{"@type":"ReadAction","target":["https:\/\/www.iselection.com\/b2c\/qui-sommes-nous\/"]}]},{"@type":"BreadcrumbList","@id":"https:\/\/www.iselection.com\/b2c\/qui-sommes-nous\/#breadcrumb","itemListElement":[{"@type":"ListItem","position":1,"name":"Home","item":"https:\/\/www.iselection.com\/b2c\/"},{"@type":"ListItem","position":2,"name":"Qui sommes-nous ?"}]},{"@type":"WebSite","@id":"https:\/\/www.iselection.com\/b2c\/#website","url":"https:\/\/www.iselection.com\/b2c\/","name":"iSelection","description":"","potentialAction":[{"@type":"SearchAction","target":{"@type":"EntryPoint","urlTemplate":"https:\/\/www.iselection.com\/b2c\/?s={search_term_string}"},"query-input":{"@type":"PropertyValueSpecification","valueRequired":true,"valueName":"search_term_string"}}],"inLanguage":"fr-FR"}]}},"_links":{"self":[{"href":"https:\/\/www.iselection.com\/b2c\/wp-json\/wp\/v2\/pages\/21550","targetHints":{"allow":["GET"]}}],"collection":[{"href":"https:\/\/www.iselection.com\/b2c\/wp-json\/wp\/v2\/pages"}],"about":[{"href":"https:\/\/www.iselection.com\/b2c\/wp-json\/wp\/v2\/types\/page"}],"author":[{"embeddable":true,"href":"https:\/\/www.iselection.com\/b2c\/wp-json\/wp\/v2\/users\/1"}],"replies":[{"embeddable":true,"href":"https:\/\/www.iselection.com\/b2c\/wp-json\/wp\/v2\/comments?post=21550"}],"version-history":[{"count":0,"href":"https:\/\/www.iselection.com\/b2c\/wp-json\/wp\/v2\/pages\/21550\/revisions"}],"wp:attachment":[{"href":"https:\/\/www.iselection.com\/b2c\/wp-json\/wp\/v2\/media?parent=21550"}],"curies":[{"name":"wp","href":"https:\/\/api.w.org\/{rel}","templated":true}]}}