{"id":2,"date":"2025-07-31T11:12:04","date_gmt":"2025-07-31T09:12:04","guid":{"rendered":"https:\/\/www.iselection.com\/?page_id=2"},"modified":"2026-04-27T15:17:10","modified_gmt":"2026-04-27T13:17:10","slug":"programmes-immobilier","status":"publish","type":"page","link":"https:\/\/www.iselection.com\/b2c\/programmes-immobilier\/","title":{"rendered":"Trouvez un investissement immobilier"},"content":{"rendered":"\n<section class=\" block block-faq background_image-top_pattern_green_s\" id=\"block--1\">\n  <div class=\"faq-body\">\n    <div>\n      <h2 class=\"summary-h1\"><strong>L&rsquo;immobilier neuf :<\/strong> un investissement locatif pour tous les objectifs<\/h2>\n      <div class=\"intro\">\n        <p>Investir avec iSelection dans un bien immobilier via un programme en Vente en l&rsquo;\u00c9tat Futur d&rsquo;Ach\u00e8vement (VEFA), repr\u00e9sente une strat\u00e9gie id\u00e9ale pour les investisseurs souhaitant construire ou optimiser leur patrimoine tout en profitant d&rsquo;avantages significatifs. Ce type d&rsquo;investissement offre non seulement des atouts financiers, mais aussi une s\u00e9curit\u00e9 juridique accrue, tout en r\u00e9pondant \u00e0 une demande locative croissante.<\/p>\n      <\/div>\n\n      <div class=\"faq-block-wrapper\">\n                  <div class=\"faq-block-item\">\n            <div class=\"title\">Avantages fiscaux pour les investisseurs<\/div>\n            <div class=\"content\">\n              <div>\n                <p>L&rsquo;immobilier neuf, permet de b\u00e9n\u00e9ficier de plusieurs dispositifs fiscaux avantageux. Le m\u00e9canisme de <a href=\"https:\/\/www.iselection.com\/b2c\/investir\/dispositif-fiscal-nue-propriete\/\">nue-propri\u00e9t\u00e9<\/a> permet d\u2019acqu\u00e9rir un bien \u00e0 prix r\u00e9duit en \u00e9change de la renonciation temporaire \u00e0 la jouissance, le statut <a href=\"https:\/\/www.iselection.com\/b2c\/investir\/dispositif-fiscal-lmnp\/\">LMNP (Loueur en Meubl\u00e9 Non Professionnel<\/a>) offre une fiscalit\u00e9 favorable en permettant l\u2019amortissement du bien et la d\u00e9duction des charges (int\u00e9r\u00eats d&#8217;emprunt, travaux, etc.) des revenus locatifs, ce qui optimise la rentabilit\u00e9 nette.<\/p>\n<p>Les investisseurs dans des secteurs patrimoniaux peuvent \u00e9galement b\u00e9n\u00e9ficier du <a href=\"https:\/\/www.iselection.com\/b2c\/investir\/dispositif-fiscal-malraux\/\">dispositif Malraux<\/a>, qui permet une r\u00e9duction d\u2019imp\u00f4t significative pour les travaux de restauration dans des quartiers prot\u00e9g\u00e9s, tout en pr\u00e9servant l&rsquo;architecture historique. De m\u00eame, les <a href=\"https:\/\/www.iselection.com\/b2c\/investir\/dispositif-fiscal-monuments-historiques\/\">Monuments Historiques<\/a> permettent une d\u00e9duction fiscale des d\u00e9penses de restauration sur le revenu global, offrant ainsi une r\u00e9duction d&rsquo;imp\u00f4t importante.<\/p>\n<p>Le <a href=\"https:\/\/www.iselection.com\/b2c\/investir\/dispositif-fiscal-deficit-foncier\/\">d\u00e9ficit foncier<\/a> est une autre option int\u00e9ressante, permettant aux propri\u00e9taires de d\u00e9duire les charges li\u00e9es \u00e0 leur bien (int\u00e9r\u00eats d&#8217;emprunt, travaux) de leurs revenus globaux, ce qui g\u00e9n\u00e8re une r\u00e9duction d\u2019imp\u00f4t sur le revenu, tout en optimisant la rentabilit\u00e9 de l\u2019investissement locatif.<\/p>\n<p>Ces dispositifs fiscaux permettent de r\u00e9duire le co\u00fbt d&rsquo;acquisition, d&rsquo;optimiser les revenus locatifs et de maximiser la rentabilit\u00e9 de l&rsquo;investissement, faisant de l\u2019immobilier neuf un choix judicieux pour constituer un patrimoine tout en b\u00e9n\u00e9ficiant d&rsquo;une fiscalit\u00e9 avantageuse.<\/p>\n              <\/div>\n            <\/div>\n          <\/div>\n                  <div class=\"faq-block-item\">\n            <div class=\"title\">Une gestion simplifi\u00e9e et s\u00e9curis\u00e9e<\/div>\n            <div class=\"content\">\n              <div>\n                <p>Les programmes neufs en VEFA b\u00e9n\u00e9ficient de garanties de construction, telles que la garantie d\u00e9cennale et la garantie de parfait ach\u00e8vement, offrant ainsi une s\u00e9curit\u00e9 suppl\u00e9mentaire contre les risques techniques. En outre, ces biens sont souvent livr\u00e9s avec des \u00e9quipements modernes et respectent des normes \u00e9nerg\u00e9tiques strictes, garantissant ainsi une gestion locative simplifi\u00e9e et peu co\u00fbteuse.<\/p>\n              <\/div>\n            <\/div>\n          <\/div>\n                  <div class=\"faq-block-item\">\n            <div class=\"title\">Une valorisation durable de l&rsquo;investissement<\/div>\n            <div class=\"content\">\n              <div>\n                <p>L&rsquo;immobilier neuf b\u00e9n\u00e9ficie d&rsquo;une valorisation p\u00e9renne, soutenue par une demande locative croissante, particuli\u00e8rement dans les zones tendues. Les logements neufs attirent des locataires \u00e0 la recherche de confort et d&rsquo;efficacit\u00e9 \u00e9nerg\u00e9tique, ce qui permet de maintenir un taux d&rsquo;occupation \u00e9lev\u00e9 et une rentabilit\u00e9 stable.<\/p>\n              <\/div>\n            <\/div>\n          <\/div>\n                  <div class=\"faq-block-item\">\n            <div class=\"title\">R\u00e9duction des co\u00fbts d&rsquo;entretien et performance \u00e9nerg\u00e9tique<\/div>\n            <div class=\"content\">\n              <div>\n                <p>Les b\u00e2timents neufs sont con\u00e7us pour minimiser les besoins en entretien et en r\u00e9novation. <strong>Les normes de construction r\u00e9centes<\/strong> garantissent une <strong>consommation \u00e9nerg\u00e9tique r\u00e9duite<\/strong>, ce qui permet de proposer des loyers attractifs tout en b\u00e9n\u00e9ficiant d&rsquo;un <strong>contr\u00f4le des charges<\/strong>.<\/p>\n<p>En conclusion, investir dans l&rsquo;immobilier neuf en VEFA est une solution strat\u00e9gique pour les investisseurs locatifs, offrant des avantages fiscaux, une gestion simplifi\u00e9e, et une valorisation p\u00e9renne. Ce type d&rsquo;investissement permet de constituer un patrimoine immobilier durable, tout en b\u00e9n\u00e9ficiant d&rsquo;une rentabilit\u00e9 optimis\u00e9e sur le long terme.<\/p>\n              <\/div>\n            <\/div>\n          <\/div>\n              <\/div>\n    <\/div>\n  <\/div>\n<\/section>\n","protected":false},"excerpt":{"rendered":"","protected":false},"author":1,"featured_media":0,"parent":0,"menu_order":0,"comment_status":"closed","ping_status":"closed","template":"templates\/pages\/programmes.php","meta":{"_acf_changed":true,"footnotes":""},"class_list":["post-2","page","type-page","status-publish","hentry"],"acf":[],"yoast_head":"<!-- This site is optimized with the Yoast SEO Premium plugin v27.2 (Yoast SEO v27.2) - https:\/\/yoast.com\/product\/yoast-seo-premium-wordpress\/ -->\n<title>Trouvez un investissement immobilier | iSelection<\/title>\n<meta name=\"robots\" content=\"index, follow, max-snippet:-1, max-image-preview:large, max-video-preview:-1\" \/>\n<link rel=\"canonical\" href=\"https:\/\/www.iselection.com\/b2c\/programmes-immobilier\/\" \/>\n<meta property=\"og:locale\" content=\"fr_FR\" \/>\n<meta property=\"og:type\" content=\"article\" \/>\n<meta property=\"og:title\" content=\"Trouvez un investissement immobilier\" \/>\n<meta property=\"og:url\" content=\"https:\/\/www.iselection.com\/b2c\/programmes-immobilier\/\" \/>\n<meta property=\"og:site_name\" content=\"iSelection\" \/>\n<meta property=\"article:modified_time\" content=\"2026-04-27T13:17:10+00:00\" \/>\n<meta name=\"twitter:card\" content=\"summary_large_image\" \/>\n<script type=\"application\/ld+json\" class=\"yoast-schema-graph\">{\"@context\":\"https:\/\/schema.org\",\"@graph\":[{\"@type\":\"WebPage\",\"@id\":\"https:\/\/www.iselection.com\/b2c\/programmes-immobilier\/\",\"url\":\"https:\/\/www.iselection.com\/b2c\/programmes-immobilier\/\",\"name\":\"Trouvez un investissement immobilier | iSelection\",\"isPartOf\":{\"@id\":\"https:\/\/www.iselection.com\/b2c\/#website\"},\"datePublished\":\"2025-07-31T09:12:04+00:00\",\"dateModified\":\"2026-04-27T13:17:10+00:00\",\"breadcrumb\":{\"@id\":\"https:\/\/www.iselection.com\/b2c\/programmes-immobilier\/#breadcrumb\"},\"inLanguage\":\"fr-FR\",\"potentialAction\":[{\"@type\":\"ReadAction\",\"target\":[\"https:\/\/www.iselection.com\/b2c\/programmes-immobilier\/\"]}]},{\"@type\":\"BreadcrumbList\",\"@id\":\"https:\/\/www.iselection.com\/b2c\/programmes-immobilier\/#breadcrumb\",\"itemListElement\":[{\"@type\":\"ListItem\",\"position\":1,\"name\":\"Home\",\"item\":\"https:\/\/www.iselection.com\/b2c\/\"},{\"@type\":\"ListItem\",\"position\":2,\"name\":\"Trouvez un investissement immobilier\"}]},{\"@type\":\"WebSite\",\"@id\":\"https:\/\/www.iselection.com\/b2c\/#website\",\"url\":\"https:\/\/www.iselection.com\/b2c\/\",\"name\":\"iSelection\",\"description\":\"\",\"potentialAction\":[{\"@type\":\"SearchAction\",\"target\":{\"@type\":\"EntryPoint\",\"urlTemplate\":\"https:\/\/www.iselection.com\/b2c\/?s={search_term_string}\"},\"query-input\":{\"@type\":\"PropertyValueSpecification\",\"valueRequired\":true,\"valueName\":\"search_term_string\"}}],\"inLanguage\":\"fr-FR\"}]}<\/script>\n<!-- \/ Yoast SEO Premium plugin. -->","yoast_head_json":{"title":"Trouvez un investissement immobilier | iSelection","robots":{"index":"index","follow":"follow","max-snippet":"max-snippet:-1","max-image-preview":"max-image-preview:large","max-video-preview":"max-video-preview:-1"},"canonical":"https:\/\/www.iselection.com\/b2c\/programmes-immobilier\/","og_locale":"fr_FR","og_type":"article","og_title":"Trouvez un investissement immobilier","og_url":"https:\/\/www.iselection.com\/b2c\/programmes-immobilier\/","og_site_name":"iSelection","article_modified_time":"2026-04-27T13:17:10+00:00","twitter_card":"summary_large_image","schema":{"@context":"https:\/\/schema.org","@graph":[{"@type":"WebPage","@id":"https:\/\/www.iselection.com\/b2c\/programmes-immobilier\/","url":"https:\/\/www.iselection.com\/b2c\/programmes-immobilier\/","name":"Trouvez un investissement immobilier | iSelection","isPartOf":{"@id":"https:\/\/www.iselection.com\/b2c\/#website"},"datePublished":"2025-07-31T09:12:04+00:00","dateModified":"2026-04-27T13:17:10+00:00","breadcrumb":{"@id":"https:\/\/www.iselection.com\/b2c\/programmes-immobilier\/#breadcrumb"},"inLanguage":"fr-FR","potentialAction":[{"@type":"ReadAction","target":["https:\/\/www.iselection.com\/b2c\/programmes-immobilier\/"]}]},{"@type":"BreadcrumbList","@id":"https:\/\/www.iselection.com\/b2c\/programmes-immobilier\/#breadcrumb","itemListElement":[{"@type":"ListItem","position":1,"name":"Home","item":"https:\/\/www.iselection.com\/b2c\/"},{"@type":"ListItem","position":2,"name":"Trouvez un investissement immobilier"}]},{"@type":"WebSite","@id":"https:\/\/www.iselection.com\/b2c\/#website","url":"https:\/\/www.iselection.com\/b2c\/","name":"iSelection","description":"","potentialAction":[{"@type":"SearchAction","target":{"@type":"EntryPoint","urlTemplate":"https:\/\/www.iselection.com\/b2c\/?s={search_term_string}"},"query-input":{"@type":"PropertyValueSpecification","valueRequired":true,"valueName":"search_term_string"}}],"inLanguage":"fr-FR"}]}},"_links":{"self":[{"href":"https:\/\/www.iselection.com\/b2c\/wp-json\/wp\/v2\/pages\/2","targetHints":{"allow":["GET"]}}],"collection":[{"href":"https:\/\/www.iselection.com\/b2c\/wp-json\/wp\/v2\/pages"}],"about":[{"href":"https:\/\/www.iselection.com\/b2c\/wp-json\/wp\/v2\/types\/page"}],"author":[{"embeddable":true,"href":"https:\/\/www.iselection.com\/b2c\/wp-json\/wp\/v2\/users\/1"}],"replies":[{"embeddable":true,"href":"https:\/\/www.iselection.com\/b2c\/wp-json\/wp\/v2\/comments?post=2"}],"version-history":[{"count":0,"href":"https:\/\/www.iselection.com\/b2c\/wp-json\/wp\/v2\/pages\/2\/revisions"}],"wp:attachment":[{"href":"https:\/\/www.iselection.com\/b2c\/wp-json\/wp\/v2\/media?parent=2"}],"curies":[{"name":"wp","href":"https:\/\/api.w.org\/{rel}","templated":true}]}}